{"id":33873,"date":"2024-04-23T12:19:12","date_gmt":"2024-04-23T10:19:12","guid":{"rendered":"https:\/\/store-hockey.de\/?post_type=product&#038;p=33873"},"modified":"2024-04-23T12:19:13","modified_gmt":"2024-04-23T10:19:13","slug":"tk-hockeytape","status":"publish","type":"product","link":"https:\/\/store-hockey.de\/fr\/produkt\/tk-hockeytape\/","title":{"rendered":"TK Hockeytape"},"content":{"rendered":"<div class=\"product--description\">\n<div>Das selbstklebende Textilband geh\u00f6rt in die Hockeytasche eines jeden Spielers, Trainers und Betreuers. Es hilft nicht nur bei kleineren \u201eReparaturen\u00a0\u00bb am Schl\u00e4ger, es ist auch optimal geeignet um Blasen abzukleben, widerspenstige Schienbeinschoner zu befestigen oder Torwartschienen provisorisch zusammenzuflicken&#8230;<\/div>\n<div>die Einsatzm\u00f6glichkeiten sind vielf\u00e4ltig.<\/div>\n<div><\/div>\n<div>Gewebeband in 38 mm Breite<\/div>\n<div><\/div>\n<div>Farben: Wei\u00df, Schwarz, Rot, Blau, Lila, Hellblau<\/div>\n<div><\/div>\n<\/div>\n<div><\/div>\n<div class=\"container detail-info\">\n<div class=\"row\">\n<div class=\"col-8\">\n<div class=\"row\">\n<div class=\"col-7\"><\/div>\n<\/div>\n<\/div>\n<\/div>\n<\/div>\n<div>\n<div><\/div>\n<\/div>\n","protected":false},"excerpt":{"rendered":"<p>Das selbstklebende Textilband geh\u00f6rt in die Hockeytasche eines jeden Spielers, Trainers und Betreuers. Es hilft nicht nur bei kleineren \u201eReparaturen\u00a0\u00bb am Schl\u00e4ger, es ist auch optimal geeignet um Blasen abzukleben, widerspenstige Schienbeinschoner zu befestigen oder Torwartschienen provisorisch zusammenzuflicken&#8230; die Einsatzm\u00f6glichkeiten sind vielf\u00e4ltig. Gewebeband in 38 mm Breite Farben: Wei\u00df, Schwarz, Rot, Blau, Lila, Hellblau<\/p>\n","protected":false},"featured_media":33883,"template":"","meta":{"_et_pb_use_builder":"","_et_pb_old_content":"","_et_gb_content_width":""},"product_brand":[],"product_cat":[970],"product_tag":[],"class_list":{"0":"post-33873","1":"product","2":"type-product","3":"status-publish","4":"has-post-thumbnail","6":"product_cat-zubehoer","8":"first","9":"instock","10":"taxable","11":"shipping-taxable","12":"purchasable","13":"product-type-variable"},"_links":{"self":[{"href":"https:\/\/store-hockey.de\/fr\/wp-json\/wp\/v2\/product\/33873","targetHints":{"allow":["GET"]}}],"collection":[{"href":"https:\/\/store-hockey.de\/fr\/wp-json\/wp\/v2\/product"}],"about":[{"href":"https:\/\/store-hockey.de\/fr\/wp-json\/wp\/v2\/types\/product"}],"wp:featuredmedia":[{"embeddable":true,"href":"https:\/\/store-hockey.de\/fr\/wp-json\/wp\/v2\/media\/33883"}],"wp:attachment":[{"href":"https:\/\/store-hockey.de\/fr\/wp-json\/wp\/v2\/media?parent=33873"}],"wp:term":[{"taxonomy":"product_brand","embeddable":true,"href":"https:\/\/store-hockey.de\/fr\/wp-json\/wp\/v2\/product_brand?post=33873"},{"taxonomy":"product_cat","embeddable":true,"href":"https:\/\/store-hockey.de\/fr\/wp-json\/wp\/v2\/product_cat?post=33873"},{"taxonomy":"product_tag","embeddable":true,"href":"https:\/\/store-hockey.de\/fr\/wp-json\/wp\/v2\/product_tag?post=33873"}],"curies":[{"name":"wp","href":"https:\/\/api.w.org\/{rel}","templated":true}]}}