{"id":28432,"date":"2023-03-12T16:59:10","date_gmt":"2023-03-12T15:59:10","guid":{"rendered":"https:\/\/store-hockey.de\/mentions-legales\/"},"modified":"2024-01-08T12:22:03","modified_gmt":"2024-01-08T11:22:03","slug":"mentions-legales","status":"publish","type":"page","link":"https:\/\/store-hockey.de\/fr\/mentions-legales\/","title":{"rendered":"Mentions l\u00e9gales"},"content":{"rendered":"<p>[et_pb_section fb_built=\u00a0\u00bb1&Prime; custom_padding_last_edited=\u00a0\u00bboff|desktop\u00a0\u00bb admin_label=\u00a0\u00bbHeader\u00a0\u00bb _builder_version=\u00a0\u00bb4.20.2&Prime; background_color=\u00a0\u00bb#2a2e40&Prime; use_background_color_gradient=\u00a0\u00bbon\u00a0\u00bb background_color_gradient_type=\u00a0\u00bbcircular\u00a0\u00bb background_color_gradient_stops=\u00a0\u00bbrgba(42,46,64,0) 0%|#2a2e40 70%\u00a0\u00bb background_color_gradient_overlays_image=\u00a0\u00bbon\u00a0\u00bb background_color_gradient_start=\u00a0\u00bbrgba(42,46,64,0)\u00a0\u00bb background_color_gradient_end=\u00a0\u00bb#2a2e40&Prime; background_color_gradient_end_position=\u00a0\u00bb70%\u00a0\u00bb background_image=\u00a0\u00bbhttps:\/\/store-hockey.de\/wp-content\/uploads\/2023\/02\/Hockey-DHB-Herren-Mannheim-Harvestehude-20210918-0080-scaled-1.jpg\u00a0\u00bb custom_padding=\u00a0\u00bb||0px\u00a0\u00bb custom_padding_tablet=\u00a0\u00bb0vw||\u00a0\u00bb custom_padding_phone=\u00a0\u00bb0vw||\u00a0\u00bb global_colors_info=\u00a0\u00bb{}\u00a0\u00bb][et_pb_row _builder_version=\u00a0\u00bb4.16&Prime; module_alignment=\u00a0\u00bbleft\u00a0\u00bb custom_padding=\u00a0\u00bb0|0px|0|0px|true|false\u00a0\u00bb global_colors_info=\u00a0\u00bb{}\u00a0\u00bb][et_pb_column type=\u00a0\u00bb4_4&Prime; _builder_version=\u00a0\u00bb4.16&Prime; custom_padding=\u00a0\u00bb|||\u00a0\u00bb global_colors_info=\u00a0\u00bb{}\u00a0\u00bb custom_padding__hover=\u00a0\u00bb|||\u00a0\u00bb][et_pb_divider color=\u00a0\u00bbrgba(255,255,255,0.31)\u00a0\u00bb divider_style=\u00a0\u00bbdashed\u00a0\u00bb _builder_version=\u00a0\u00bb4.16&Prime; global_colors_info=\u00a0\u00bb{}\u00a0\u00bb][\/et_pb_divider][\/et_pb_column][\/et_pb_row][et_pb_row custom_padding_last_edited=\u00a0\u00bbon|tablet\u00a0\u00bb _builder_version=\u00a0\u00bb4.16&Prime; max_width=\u00a0\u00bb80%\u00a0\u00bb custom_margin=\u00a0\u00bb||\u00a0\u00bb custom_padding=\u00a0\u00bb||0||false|false\u00a0\u00bb custom_padding_tablet=\u00a0\u00bb||40px|0%\u00a0\u00bb custom_padding_phone=\u00a0\u00bb\u00a0\u00bb use_custom_width=\u00a0\u00bbon\u00a0\u00bb width_unit=\u00a0\u00bboff\u00a0\u00bb global_colors_info=\u00a0\u00bb{}\u00a0\u00bb][et_pb_column type=\u00a0\u00bb4_4&Prime; _builder_version=\u00a0\u00bb4.16&Prime; custom_padding=\u00a0\u00bb|||\u00a0\u00bb global_colors_info=\u00a0\u00bb{}\u00a0\u00bb custom_padding__hover=\u00a0\u00bb|||\u00a0\u00bb][et_pb_text _builder_version=\u00a0\u00bb4.16&Prime; text_font=\u00a0\u00bb||||||||\u00a0\u00bb header_font=\u00a0\u00bbOswald|300||on|||||\u00a0\u00bb header_font_size=\u00a0\u00bb7vw\u00a0\u00bb header_letter_spacing=\u00a0\u00bb0.35em\u00a0\u00bb header_line_height=\u00a0\u00bb1.2em\u00a0\u00bb header_2_font=\u00a0\u00bb||||||||\u00a0\u00bb header_3_font=\u00a0\u00bbOswald|||on|||||\u00a0\u00bb header_3_font_size=\u00a0\u00bb12px\u00a0\u00bb header_3_letter_spacing=\u00a0\u00bb1.5em\u00a0\u00bb header_3_line_height=\u00a0\u00bb2.4em\u00a0\u00bb background_layout=\u00a0\u00bbdark\u00a0\u00bb max_width=\u00a0\u00bb80%\u00a0\u00bb animation_style=\u00a0\u00bbslide\u00a0\u00bb animation_direction=\u00a0\u00bbright\u00a0\u00bb animation_duration=\u00a0\u00bb2000ms\u00a0\u00bb animation_intensity_slide=\u00a0\u00bb2%\u00a0\u00bb header_font_size_tablet=\u00a0\u00bb40px\u00a0\u00bb header_font_size_phone=\u00a0\u00bb30px\u00a0\u00bb header_font_size_last_edited=\u00a0\u00bbon|phone\u00a0\u00bb header_letter_spacing_tablet=\u00a0\u00bb10px\u00a0\u00bb header_letter_spacing_phone=\u00a0\u00bb7px\u00a0\u00bb header_letter_spacing_last_edited=\u00a0\u00bboff|desktop\u00a0\u00bb header_line_height_tablet=\u00a0\u00bb1.5em\u00a0\u00bb header_line_height_phone=\u00a0\u00bb1.5em\u00a0\u00bb header_line_height_last_edited=\u00a0\u00bbon|phone\u00a0\u00bb header_3_font_size_tablet=\u00a0\u00bb10px\u00a0\u00bb header_3_font_size_phone=\u00a0\u00bb10px\u00a0\u00bb header_3_font_size_last_edited=\u00a0\u00bbon|desktop\u00a0\u00bb header_3_letter_spacing_tablet=\u00a0\u00bb\u00a0\u00bb header_3_letter_spacing_phone=\u00a0\u00bb3px\u00a0\u00bb header_3_letter_spacing_last_edited=\u00a0\u00bbon|phone\u00a0\u00bb global_colors_info=\u00a0\u00bb{}\u00a0\u00bb]<\/p>\n<h3>THE STORE OF HOCKEY GMBH<\/h3>\n<h1>IMPRESSUM<\/h1>\n<p>[\/et_pb_text][\/et_pb_column][\/et_pb_row][et_pb_row column_structure=\u00a0\u00bb1_2,1_2&Prime; custom_padding_last_edited=\u00a0\u00bboff|desktop\u00a0\u00bb padding_top_bottom_link_2=\u00a0\u00bbtrue\u00a0\u00bb padding_left_right_link_2=\u00a0\u00bbtrue\u00a0\u00bb _builder_version=\u00a0\u00bb4.16&Prime; width=\u00a0\u00bb100%\u00a0\u00bb max_width=\u00a0\u00bb100%\u00a0\u00bb module_alignment=\u00a0\u00bbright\u00a0\u00bb custom_margin_tablet=\u00a0\u00bb7vw||\u00a0\u00bb custom_padding=\u00a0\u00bb0|0px|0|0px|false|false\u00a0\u00bb animation_direction=\u00a0\u00bbleft\u00a0\u00bb use_custom_width=\u00a0\u00bbon\u00a0\u00bb width_unit=\u00a0\u00bboff\u00a0\u00bb custom_width_percent=\u00a0\u00bb100%\u00a0\u00bb locked=\u00a0\u00bboff\u00a0\u00bb global_colors_info=\u00a0\u00bb{}\u00a0\u00bb][et_pb_column type=\u00a0\u00bb1_2&Prime; _builder_version=\u00a0\u00bb4.16&Prime; custom_padding=\u00a0\u00bb|||\u00a0\u00bb custom_padding_tablet=\u00a0\u00bb40px|||\u00a0\u00bb custom_padding_phone=\u00a0\u00bb20px|||\u00a0\u00bb global_colors_info=\u00a0\u00bb{}\u00a0\u00bb padding_phone=\u00a0\u00bb20px|||\u00a0\u00bb padding_tablet=\u00a0\u00bb40px|||\u00a0\u00bb custom_padding__hover=\u00a0\u00bb|||\u00a0\u00bb][\/et_pb_column][et_pb_column type=\u00a0\u00bb1_2&Prime; _builder_version=\u00a0\u00bb4.16&Prime; background_color=\u00a0\u00bbRGBA(0,0,0,0)\u00a0\u00bb custom_padding=\u00a0\u00bb40px|40px|40px|40px\u00a0\u00bb custom_padding_tablet=\u00a0\u00bb|40px||40px||true\u00a0\u00bb custom_padding_phone=\u00a0\u00bb|||\u00a0\u00bb custom_padding_last_edited=\u00a0\u00bboff|desktop\u00a0\u00bb global_colors_info=\u00a0\u00bb{}\u00a0\u00bb padding_phone=\u00a0\u00bb|||\u00a0\u00bb padding_tablet=\u00a0\u00bb|40px||40px||true\u00a0\u00bb padding_last_edited=\u00a0\u00bboff|desktop\u00a0\u00bb custom_padding__hover=\u00a0\u00bb|||\u00a0\u00bb][\/et_pb_column][\/et_pb_row][\/et_pb_section][et_pb_section fb_built=\u00a0\u00bb1&Prime; _builder_version=\u00a0\u00bb4.16&Prime; _module_preset=\u00a0\u00bbdefault\u00a0\u00bb global_colors_info=\u00a0\u00bb{}\u00a0\u00bb][et_pb_row column_structure=\u00a0\u00bb1_2,1_2&Prime; disabled_on=\u00a0\u00bbon|on|off\u00a0\u00bb _builder_version=\u00a0\u00bb4.20.2&Prime; _module_preset=\u00a0\u00bbdefault\u00a0\u00bb custom_padding=\u00a0\u00bb||1px|||\u00a0\u00bb global_colors_info=\u00a0\u00bb{}\u00a0\u00bb][et_pb_column type=\u00a0\u00bb1_2&Prime; _builder_version=\u00a0\u00bb4.20.2&Prime; _module_preset=\u00a0\u00bbdefault\u00a0\u00bb global_colors_info=\u00a0\u00bb{}\u00a0\u00bb][et_pb_text _builder_version=\u00a0\u00bb4.20.2&Prime; _module_preset=\u00a0\u00bbdefault\u00a0\u00bb global_colors_info=\u00a0\u00bb{}\u00a0\u00bb]<\/p>\n<h1>HEADQUARTER<\/h1>\n<p>[\/et_pb_text][\/et_pb_column][et_pb_column type=\u00a0\u00bb1_2&Prime; _builder_version=\u00a0\u00bb4.20.2&Prime; _module_preset=\u00a0\u00bbdefault\u00a0\u00bb global_colors_info=\u00a0\u00bb{}\u00a0\u00bb][et_pb_text _builder_version=\u00a0\u00bb4.20.2&Prime; _module_preset=\u00a0\u00bbdefault\u00a0\u00bb global_colors_info=\u00a0\u00bb{}\u00a0\u00bb]<\/p>\n<h1>FILIALE LUDWIGSBURG<\/h1>\n<p>[\/et_pb_text][\/et_pb_column][\/et_pb_row][et_pb_row column_structure=\u00a0\u00bb1_2,1_2&Prime; disabled_on=\u00a0\u00bbon|on|on\u00a0\u00bb _builder_version=\u00a0\u00bb4.21.2&Prime; _module_preset=\u00a0\u00bbdefault\u00a0\u00bb custom_padding=\u00a0\u00bb5px|||12px|false|false\u00a0\u00bb border_width_all=\u00a0\u00bb2px\u00a0\u00bb border_color_all=\u00a0\u00bb#E02B20&Prime; global_colors_info=\u00a0\u00bb{}\u00a0\u00bb disabled=\u00a0\u00bbon\u00a0\u00bb][et_pb_column type=\u00a0\u00bb1_2&Prime; _builder_version=\u00a0\u00bb4.20.2&Prime; _module_preset=\u00a0\u00bbdefault\u00a0\u00bb global_colors_info=\u00a0\u00bb{}\u00a0\u00bb][et_pb_text _builder_version=\u00a0\u00bb4.23.1&Prime; _module_preset=\u00a0\u00bbdefault\u00a0\u00bb text_text_color=\u00a0\u00bb#E02B20&Prime; global_colors_info=\u00a0\u00bb{}\u00a0\u00bb]<\/p>\n<p><strong>HEURES D\u2019OUVERTURE SP\u00c9CIALES<\/strong><br \/><strong>NO\u00cbL<\/strong><\/p>\n<p><strong>23.12.23<\/strong> \u2022 10 h 00 \u2013 15 h 00<\/p>\n<p><strong>24.12.23 &#8211; 07.01.24<\/strong> \u2022 ferm\u00e9<\/p>\n<p><strong>\u00e0 partir du lundi 08.01.2024 r\u00e9guli\u00e8rement ouvert<\/strong><\/p>\n<p>[\/et_pb_text][\/et_pb_column][et_pb_column type=\u00a0\u00bb1_2&Prime; _builder_version=\u00a0\u00bb4.23.1&Prime; _module_preset=\u00a0\u00bbdefault\u00a0\u00bb global_colors_info=\u00a0\u00bb{}\u00a0\u00bb][et_pb_text _builder_version=\u00a0\u00bb4.23.1&Prime; _module_preset=\u00a0\u00bbdefault\u00a0\u00bb text_text_color=\u00a0\u00bb#E02B20&Prime; global_colors_info=\u00a0\u00bb{}\u00a0\u00bb]<\/p>\n<p><strong>HEURES D\u2019OUVERTURE SP\u00c9CIALES<\/strong><br \/><strong>NO\u00cbL<\/strong><\/p>\n<p><strong>23.12.23<\/strong> \u2022 10 h 00 \u2013 15 h 00<\/p>\n<p><strong>24.12.23 &#8211; 09.01.24<\/strong> \u2022 ferm\u00e9<\/p>\n<p><strong>\u00e0 partir du mercredi 10.01.2024 r\u00e9guli\u00e8rement ouvert<\/strong><\/p>\n<p>[\/et_pb_text][\/et_pb_column][\/et_pb_row][et_pb_row column_structure=\u00a0\u00bb1_2,1_2&Prime; _builder_version=\u00a0\u00bb4.20.2&Prime; _module_preset=\u00a0\u00bbdefault\u00a0\u00bb custom_padding=\u00a0\u00bb1px|||||\u00a0\u00bb global_colors_info=\u00a0\u00bb{}\u00a0\u00bb][et_pb_column type=\u00a0\u00bb1_2&Prime; _builder_version=\u00a0\u00bb4.20.2&Prime; _module_preset=\u00a0\u00bbdefault\u00a0\u00bb global_colors_info=\u00a0\u00bb{}\u00a0\u00bb][et_pb_text disabled_on=\u00a0\u00bboff|off|on\u00a0\u00bb _builder_version=\u00a0\u00bb4.20.2&Prime; _module_preset=\u00a0\u00bbdefault\u00a0\u00bb global_colors_info=\u00a0\u00bb{}\u00a0\u00bb]<\/p>\n<h1>HEADQUARTER<\/h1>\n<p>[\/et_pb_text][et_pb_text _builder_version=\u00a0\u00bb4.21.2&Prime; _module_preset=\u00a0\u00bbdefault\u00a0\u00bb global_colors_info=\u00a0\u00bb{}\u00a0\u00bb]<\/p>\n<p>The Store of Hockey GmbH<br \/>Rue Gutenberg 23 &#8211; 25<br \/>68167 Mannheim<\/p>\n<p>T\u00e9l\u00e9phone : 0621-8423044<br \/>Courrier \u00e9lectronique : <a href=\"mailto:info@store-hockey.de\">info@store-hockey.de<\/a><\/p>\n<p><strong>Horaires d&rsquo;ouverture :<\/strong><\/p>\n<p><strong><\/strong>lundi 13:00 &#8211; 18:00h<br \/><span>Mardi 13:00 &#8211; 18:00h<br \/><\/span>Mercredi 13:00 &#8211; 18:00h<br \/>Jeudi 13&nbsp;:00 \u2013 18&nbsp;:00<br \/>Vendredi 13&nbsp;:00 \u2013 18&nbsp;:00<br \/>samedi 10:00 &#8211; 15:00 heures<\/p>\n<p>[\/et_pb_text][et_pb_text disabled_on=\u00a0\u00bbon|on|on\u00a0\u00bb _builder_version=\u00a0\u00bb4.20.4&Prime; _module_preset=\u00a0\u00bbdefault\u00a0\u00bb text_text_color=\u00a0\u00bb#E02B20&Prime; disabled=\u00a0\u00bbon\u00a0\u00bb global_colors_info=\u00a0\u00bb{}\u00a0\u00bb]<\/p>\n<p><strong>HEURES D&rsquo;OUVERTURE SP\u00c9CIALES  <\/strong><br \/><strong>31.07. &#8211; 31.08.2023<\/strong><strong><\/strong><strong><\/strong><\/p>\n<p><strong><\/strong>lundi 14:00 &#8211; 18:00h<br \/><span>Mardi 14:00 &#8211; 18:00h<br \/><\/span>Mercredi 14:00 &#8211; 18:00h<br \/>jeudi 14:00 &#8211; 18:00h<br \/>Vendredi 14:00 &#8211; 18:00h<br \/>Samedi : ferm\u00e9<\/p>\n<p><strong>ouvert r\u00e9guli\u00e8rement \u00e0 partir du vendredi 01.09.2023<\/strong><\/p>\n<p>[\/et_pb_text][\/et_pb_column][et_pb_column type=\u00a0\u00bb1_2&Prime; _builder_version=\u00a0\u00bb4.20.2&Prime; _module_preset=\u00a0\u00bbdefault\u00a0\u00bb global_colors_info=\u00a0\u00bb{}\u00a0\u00bb][et_pb_text disabled_on=\u00a0\u00bboff|off|on\u00a0\u00bb _builder_version=\u00a0\u00bb4.20.2&Prime; _module_preset=\u00a0\u00bbdefault\u00a0\u00bb global_colors_info=\u00a0\u00bb{}\u00a0\u00bb]<\/p>\n<h1>FILIALE LUDWIGSBURG<\/h1>\n<p>[\/et_pb_text][et_pb_text _builder_version=\u00a0\u00bb4.20.4&Prime; _module_preset=\u00a0\u00bbdefault\u00a0\u00bb global_colors_info=\u00a0\u00bb{}\u00a0\u00bb]<\/p>\n<p>The Store of Hockey GmbH<br \/>27, rue du Man\u00e8ge inf\u00e9rieur<br \/>71634 Ludwigsburg<\/p>\n<p>T\u00e9l\u00e9phone : <span>07141<\/span><span> \/ 971600<\/span><br \/>Courrier \u00e9lectronique : <a href=\"mailto:lubu@store-hockey.de\">lubu@store-hockey.de<\/a><\/p>\n<p><strong>Horaires d&rsquo;ouverture :<\/strong><span><strong><\/strong><\/span><strong><\/strong><\/p>\n<p>Lu : ferm\u00e9<br \/>Ma : ferm\u00e9<br \/>Mer : 14h00 &#8211; 18h00<br \/>Jeu : 14h00 &#8211; 19h00<br \/>ven : 14h00 &#8211; 18h00<br \/>samedi : 10h00 &#8211; 15h00<\/p>\n<p><strong>Julia Littmann<\/strong><br \/>0173 &#8211; 258 789 6 (rendez-vous &amp; questions via <strong>Whatsapp<\/strong>)<\/p>\n<p>julia.littmann@store-hockey.de<\/p>\n<p>[\/et_pb_text][et_pb_text disabled_on=\u00a0\u00bbon|on|on\u00a0\u00bb _builder_version=\u00a0\u00bb4.20.4&Prime; _module_preset=\u00a0\u00bbdefault\u00a0\u00bb text_text_color=\u00a0\u00bb#E02B20&Prime; disabled=\u00a0\u00bbon\u00a0\u00bb global_colors_info=\u00a0\u00bb{}\u00a0\u00bb]<strong>VACANCES D&rsquo;\u00c9T\u00c9<\/strong><strong><\/strong><br \/>\n<strong>14.08. &#8211; 27.08.2023<\/strong><\/p>\n<p>&nbsp;[\/et_pb_text][\/et_pb_column][\/et_pb_row][et_pb_row _builder_version=\u00a0\u00bb4.20.2&Prime; _module_preset=\u00a0\u00bbdefault\u00a0\u00bb global_colors_info=\u00a0\u00bb{}\u00a0\u00bb][et_pb_column type=\u00a0\u00bb4_4&Prime; _builder_version=\u00a0\u00bb4.20.2&Prime; _module_preset=\u00a0\u00bbdefault\u00a0\u00bb global_colors_info=\u00a0\u00bb{}\u00a0\u00bb][et_pb_text _builder_version=\u00a0\u00bb4.20.2&Prime; _module_preset=\u00a0\u00bbdefault\u00a0\u00bb global_colors_info=\u00a0\u00bb{}\u00a0\u00bb]<\/p>\n<p>G\u00e9rants : Christopher Faust, Axel Schr\u00f6der<br \/>HRB 741069, Tribunal d&rsquo;instance de Mannheim<br \/>N\u00b0 de TVA : <span>DE346218473<\/span><\/p>\n<p>Images : Dirk Markgraf, Paul H\u00fcttemann<\/p>\n<p>[\/et_pb_text][\/et_pb_column][\/et_pb_row][\/et_pb_section]<\/p>\n","protected":false},"excerpt":{"rendered":"<p>THE STORE OF HOCKEY GMBH IMPRESSUMHEADQUARTERFILIALE LUDWIGSBURGHEURES D\u2019OUVERTURE SP\u00c9CIALESNO\u00cbL 23.12.23 \u2022 10 h 00 \u2013 15 h 00 24.12.23 &#8211; 07.01.24 \u2022 ferm\u00e9 \u00e0 partir du lundi 08.01.2024 r\u00e9guli\u00e8rement ouvertHEURES D\u2019OUVERTURE SP\u00c9CIALESNO\u00cbL 23.12.23 \u2022 10 h 00 \u2013 15 h 00 24.12.23 &#8211; 09.01.24 \u2022 ferm\u00e9 \u00e0 partir du mercredi 10.01.2024 r\u00e9guli\u00e8rement ouvertHEADQUARTERThe Store of [&hellip;]<\/p>\n","protected":false},"author":1350,"featured_media":0,"parent":0,"menu_order":0,"comment_status":"closed","ping_status":"closed","template":"","meta":{"_et_pb_use_builder":"on","_et_pb_old_content":"","_et_gb_content_width":"","footnotes":""},"class_list":["post-28432","page","type-page","status-publish","hentry"],"_links":{"self":[{"href":"https:\/\/store-hockey.de\/fr\/wp-json\/wp\/v2\/pages\/28432","targetHints":{"allow":["GET"]}}],"collection":[{"href":"https:\/\/store-hockey.de\/fr\/wp-json\/wp\/v2\/pages"}],"about":[{"href":"https:\/\/store-hockey.de\/fr\/wp-json\/wp\/v2\/types\/page"}],"author":[{"embeddable":true,"href":"https:\/\/store-hockey.de\/fr\/wp-json\/wp\/v2\/users\/1350"}],"replies":[{"embeddable":true,"href":"https:\/\/store-hockey.de\/fr\/wp-json\/wp\/v2\/comments?post=28432"}],"version-history":[{"count":8,"href":"https:\/\/store-hockey.de\/fr\/wp-json\/wp\/v2\/pages\/28432\/revisions"}],"predecessor-version":[{"id":31726,"href":"https:\/\/store-hockey.de\/fr\/wp-json\/wp\/v2\/pages\/28432\/revisions\/31726"}],"wp:attachment":[{"href":"https:\/\/store-hockey.de\/fr\/wp-json\/wp\/v2\/media?parent=28432"}],"curies":[{"name":"wp","href":"https:\/\/api.w.org\/{rel}","templated":true}]}}