{"id":30837,"date":"2023-12-04T09:23:53","date_gmt":"2023-12-04T08:23:53","guid":{"rendered":"https:\/\/store-hockey.de\/produkt\/hk-odin-tk-maalmandstroeje-langaermet\/"},"modified":"2023-12-08T16:44:38","modified_gmt":"2023-12-08T15:44:38","slug":"hk-odin-tk-goalie-shirt-longsleeve","status":"publish","type":"product","link":"https:\/\/store-hockey.de\/da\/produkt\/hk-odin-tk-goalie-shirt-longsleeve\/","title":{"rendered":"HK Odin TK m\u00e5lmandstr\u00f8je lang\u00e6rmet"},"content":{"rendered":"","protected":false},"excerpt":{"rendered":"","protected":false},"featured_media":30842,"template":"","meta":{"_et_pb_use_builder":"","_et_pb_old_content":"","_et_gb_content_width":""},"product_brand":[],"product_cat":[874,900],"product_tag":[],"class_list":{"0":"post-30837","1":"product","2":"type-product","3":"status-publish","4":"has-post-thumbnail","6":"product_cat-hk-odin-da","7":"product_cat-trojer","9":"first","10":"instock","11":"taxable","12":"shipping-taxable","13":"purchasable","14":"product-type-variable"},"_links":{"self":[{"href":"https:\/\/store-hockey.de\/da\/wp-json\/wp\/v2\/product\/30837","targetHints":{"allow":["GET"]}}],"collection":[{"href":"https:\/\/store-hockey.de\/da\/wp-json\/wp\/v2\/product"}],"about":[{"href":"https:\/\/store-hockey.de\/da\/wp-json\/wp\/v2\/types\/product"}],"wp:featuredmedia":[{"embeddable":true,"href":"https:\/\/store-hockey.de\/da\/wp-json\/wp\/v2\/media\/30842"}],"wp:attachment":[{"href":"https:\/\/store-hockey.de\/da\/wp-json\/wp\/v2\/media?parent=30837"}],"wp:term":[{"taxonomy":"product_brand","embeddable":true,"href":"https:\/\/store-hockey.de\/da\/wp-json\/wp\/v2\/product_brand?post=30837"},{"taxonomy":"product_cat","embeddable":true,"href":"https:\/\/store-hockey.de\/da\/wp-json\/wp\/v2\/product_cat?post=30837"},{"taxonomy":"product_tag","embeddable":true,"href":"https:\/\/store-hockey.de\/da\/wp-json\/wp\/v2\/product_tag?post=30837"}],"curies":[{"name":"wp","href":"https:\/\/api.w.org\/{rel}","templated":true}]}}