{"id":26567,"date":"2023-03-27T08:38:02","date_gmt":"2023-03-27T06:38:02","guid":{"rendered":"https:\/\/store-hockey.de\/?post_type=product&#038;p=26567"},"modified":"2023-09-11T08:49:37","modified_gmt":"2023-09-11T06:49:37","slug":"tg-frankenthal-tk-stutzen-ohne-fuss","status":"publish","type":"product","link":"https:\/\/store-hockey.de\/da\/produkt\/tg-frankenthal-tk-stutzen-ohne-fuss\/","title":{"rendered":"TG Frankenthal TK Stutzen ohne Fu\u00df &#8211; Gr\u00fcn &#038; Wei\u00df"},"content":{"rendered":"","protected":false},"excerpt":{"rendered":"","protected":false},"featured_media":26579,"template":"","meta":{"_et_pb_use_builder":"","_et_pb_old_content":"","_et_gb_content_width":""},"product_brand":[],"product_cat":[731],"product_tag":[],"class_list":{"0":"post-26567","1":"product","2":"type-product","3":"status-publish","4":"has-post-thumbnail","6":"product_cat-tg-frankenthal-jr","8":"first","9":"instock","10":"taxable","11":"shipping-taxable","12":"purchasable","13":"product-type-variable"},"_links":{"self":[{"href":"https:\/\/store-hockey.de\/da\/wp-json\/wp\/v2\/product\/26567","targetHints":{"allow":["GET"]}}],"collection":[{"href":"https:\/\/store-hockey.de\/da\/wp-json\/wp\/v2\/product"}],"about":[{"href":"https:\/\/store-hockey.de\/da\/wp-json\/wp\/v2\/types\/product"}],"wp:featuredmedia":[{"embeddable":true,"href":"https:\/\/store-hockey.de\/da\/wp-json\/wp\/v2\/media\/26579"}],"wp:attachment":[{"href":"https:\/\/store-hockey.de\/da\/wp-json\/wp\/v2\/media?parent=26567"}],"wp:term":[{"taxonomy":"product_brand","embeddable":true,"href":"https:\/\/store-hockey.de\/da\/wp-json\/wp\/v2\/product_brand?post=26567"},{"taxonomy":"product_cat","embeddable":true,"href":"https:\/\/store-hockey.de\/da\/wp-json\/wp\/v2\/product_cat?post=26567"},{"taxonomy":"product_tag","embeddable":true,"href":"https:\/\/store-hockey.de\/da\/wp-json\/wp\/v2\/product_tag?post=26567"}],"curies":[{"name":"wp","href":"https:\/\/api.w.org\/{rel}","templated":true}]}}