{"id":30628,"date":"2018-05-16T11:38:39","date_gmt":"2018-05-16T09:38:39","guid":{"rendered":"https:\/\/store-hockey.de\/forsendelse-levering\/"},"modified":"2018-05-16T11:38:39","modified_gmt":"2018-05-16T09:38:39","slug":"forsendelse-levering","status":"publish","type":"page","link":"https:\/\/store-hockey.de\/da\/forsendelse-levering\/","title":{"rendered":"Forsendelse &amp; Levering"},"content":{"rendered":"<p><strong>Priser, forsendelsesomkostninger og leveringsoplysninger<\/strong><\/p>\n<p>De priser, der er n\u00e6vnt p\u00e5 produktsiderne, inkluderer moms og andre priskomponenter.<\/p>\n<p><strong>Vi sender med DHL til f\u00f8lgende lande<\/strong><\/p>\n<p><strong>Forsendelseszoner<\/strong><\/p>\n<p><strong>National:<br \/>\n<\/strong>Tyskland<br \/>\n<strong>Basispris: 6,00 EUR<\/strong><br \/>\n<strong>Gratis forsendelse p\u00e5 ordrer over 90,00 EUR<\/strong><\/p>\n<p><strong>Zone 1 EU:<br \/>\n<\/strong>Belgien<br \/>\nDanmark<br \/>\nFrankrig<br \/>\nLiechtenstein<br \/>\nLuxembourg<br \/>\nMonaco<br \/>\nHolland<br \/>\n\u00d8strig<br \/>\nPolen<br \/>\nSchweiz<br \/>\nTjekkiet<br \/>\n<strong>Basispris: 12,00 EUR<\/strong><\/p>\n<p><strong>Zone 2 EU:<br \/>\n<\/strong>Andorra<br \/>\nStorbritannien<br \/>\nItalien<br \/>\nSan Marino<br \/>\nSverige<br \/>\nSlovakiet<br \/>\nSlovenien<br \/>\nSpanien<br \/>\nUngarn<br \/>\nVatikanstaten<br \/>\nGr\u00e6kenland<br \/>\nIrland<br \/>\nIsland<br \/>\nKroatien<br \/>\nLetland<br \/>\nLitauen<br \/>\nMalta<br \/>\nNorge<br \/>\nPortugal<br \/>\nRum\u00e6nien<br \/>\nSerbien<br \/>\nUkraine<br \/>\nBelarus<br \/>\nCypern<br \/>\n<strong>Basispris: 13,00 EUR<\/strong><\/p>\n<p><strong>Zone 6:<br \/>\n<\/strong>Argentina<br \/>\nBrasilien<br \/>\nChile<br \/>\nSydafrika<br \/>\nUSA<br \/>\nKina<br \/>\nJapan<br \/>\n<strong>Basispris: 35,00 EUR<\/strong><\/p>\n<p>Forsendelsesomkostningerne vil blive tydeligt meddelt dig i indk\u00f8bskurvsystemet og p\u00e5 ordresiden.<\/p>\n<p>Afh\u00e6ngigt af forsendelseszonen er forsendelsesgebyret 6,00, 12,00, 13,00 eller 35,00 euro. De faste forsendelsesomkostninger inkluderer den lovpligtige merv\u00e6rdiafgift.<\/p>\n","protected":false},"excerpt":{"rendered":"<p>Priser, forsendelsesomkostninger og leveringsoplysninger De priser, der er n\u00e6vnt p\u00e5 produktsiderne, inkluderer moms og andre priskomponenter. Vi sender med DHL til f\u00f8lgende lande Forsendelseszoner National: Tyskland Basispris: 6,00 EUR Gratis forsendelse p\u00e5 ordrer over 90,00 EUR Zone 1 EU: Belgien Danmark Frankrig Liechtenstein Luxembourg Monaco Holland \u00d8strig Polen Schweiz Tjekkiet Basispris: 12,00 EUR Zone 2 [&hellip;]<\/p>\n","protected":false},"author":3,"featured_media":0,"parent":0,"menu_order":0,"comment_status":"closed","ping_status":"closed","template":"","meta":{"_et_pb_use_builder":"off","_et_pb_old_content":"","_et_gb_content_width":"","footnotes":""},"class_list":["post-30628","page","type-page","status-publish","hentry"],"_links":{"self":[{"href":"https:\/\/store-hockey.de\/da\/wp-json\/wp\/v2\/pages\/30628","targetHints":{"allow":["GET"]}}],"collection":[{"href":"https:\/\/store-hockey.de\/da\/wp-json\/wp\/v2\/pages"}],"about":[{"href":"https:\/\/store-hockey.de\/da\/wp-json\/wp\/v2\/types\/page"}],"author":[{"embeddable":true,"href":"https:\/\/store-hockey.de\/da\/wp-json\/wp\/v2\/users\/3"}],"replies":[{"embeddable":true,"href":"https:\/\/store-hockey.de\/da\/wp-json\/wp\/v2\/comments?post=30628"}],"version-history":[{"count":0,"href":"https:\/\/store-hockey.de\/da\/wp-json\/wp\/v2\/pages\/30628\/revisions"}],"wp:attachment":[{"href":"https:\/\/store-hockey.de\/da\/wp-json\/wp\/v2\/media?parent=30628"}],"curies":[{"name":"wp","href":"https:\/\/api.w.org\/{rel}","templated":true}]}}